{"id":4409,"date":"2019-12-28T06:46:12","date_gmt":"2019-12-28T06:46:12","guid":{"rendered":"https:\/\/gotravelblue.com\/?page_id=4409"},"modified":"2021-05-25T05:30:32","modified_gmt":"2021-05-25T05:30:32","slug":"morocco","status":"publish","type":"page","link":"https:\/\/ayushtoursjaipur.com\/index.php\/morocco\/","title":{"rendered":"Morocco"},"content":{"rendered":"\n<h2>Morocco<\/h2>\n\n\n\n<p>Morocco is Africa\u2019s gateway to Europe, and it is the only African nation to share its coastline with both the Atlantic Ocean and the Mediterranean Sea. Its culture is a characteristic blend of Arab and Berber, which, along with its colonial past, make Morocco what it is today. Soak up the atmosphere in the streets of Marrakech, where you can try out your haggling skills at Djemaa El-fna market. Don\u2019t forget to explore the magnificent Atlas mountain range that slices its way across the country from east to west \u2013 fit for both hikers and bikers. Visit an Amazigh village and get to know the traditional Berber way of life. Take a trip along the coast, stopping at the old port of Essaouira, the resort city of Agadir and the classic Casablanca. Or venture out into the Sahara Desert where you are sure to make friends with some very unique hoofed mammals. Morocco is a diverse land of many languages, cultures and identities, which welcomes visitors with its characteristic hospitality. <\/p>\n\n\n\n<div class=\"wp-block-media-text alignwide is-stacked-on-mobile\" style=\"grid-template-columns:31% auto\"><figure class=\"wp-block-media-text__media\"><img decoding=\"async\" loading=\"lazy\" width=\"1024\" height=\"410\" src=\"https:\/\/ayushtoursjaipur.com\/wp-content\/uploads\/2019\/12\/Agadir-1024x410.jpg\" alt=\"\" class=\"wp-image-4829 size-full\" srcset=\"https:\/\/ayushtoursjaipur.com\/wp-content\/uploads\/2019\/12\/Agadir-1024x410.jpg 1024w, https:\/\/ayushtoursjaipur.com\/wp-content\/uploads\/2019\/12\/Agadir-300x120.jpg 300w, https:\/\/ayushtoursjaipur.com\/wp-content\/uploads\/2019\/12\/Agadir-768x307.jpg 768w, https:\/\/ayushtoursjaipur.com\/wp-content\/uploads\/2019\/12\/Agadir.jpg 1500w\" sizes=\"(max-width: 1024px) 100vw, 1024px\" \/><\/figure><div class=\"wp-block-media-text__content\">\n<h2><a href=\"https:\/\/www.arrivalguides.com\/en\/Travelguides\/Africa\/Morocco\/agadir\">Agadir<\/a><\/h2>\n\n\n\n<p>With approximately 340 days of sunshine a year and six kilometres of soft white sand beaches, Agadir is Morocco\u2019s premiere beach resort. Nestled among the verdant valleys of the Great Souss and with the majestic range of the Anti-Atlas rearing up behind it, this modern, cosmopolitan city has all the attendant pleasures, thrills and luxuries you could ask for.<\/p>\n<\/div><\/div>\n\n\n\n<div class=\"wp-block-button aligncenter\"><a class=\"wp-block-button__link\" href=\"https:\/\/ayushtoursjaipur.com\/wp-content\/uploads\/2021\/05\/agadir.pdf\" target=\"_blank\" rel=\"noopener noreferrer\"><strong>Go Download PDF<\/strong><\/a><\/div>\n\n\n\n<div class=\"wp-block-media-text alignwide is-stacked-on-mobile\" style=\"grid-template-columns:31% auto\"><figure class=\"wp-block-media-text__media\"><img decoding=\"async\" loading=\"lazy\" width=\"1024\" height=\"410\" src=\"https:\/\/ayushtoursjaipur.com\/wp-content\/uploads\/2019\/12\/Casablanca-1-1024x410.jpg\" alt=\"\" class=\"wp-image-4830 size-full\" srcset=\"https:\/\/ayushtoursjaipur.com\/wp-content\/uploads\/2019\/12\/Casablanca-1-1024x410.jpg 1024w, https:\/\/ayushtoursjaipur.com\/wp-content\/uploads\/2019\/12\/Casablanca-1-300x120.jpg 300w, https:\/\/ayushtoursjaipur.com\/wp-content\/uploads\/2019\/12\/Casablanca-1-768x307.jpg 768w, https:\/\/ayushtoursjaipur.com\/wp-content\/uploads\/2019\/12\/Casablanca-1.jpg 1500w\" sizes=\"(max-width: 1024px) 100vw, 1024px\" \/><\/figure><div class=\"wp-block-media-text__content\">\n<h2><a href=\"https:\/\/www.arrivalguides.com\/en\/Travelguides\/Africa\/Morocco\/CASABLANCA\">Casablanca<\/a><\/h2>\n\n\n\n<p>Casablanca is a hefty mix of architectural treasures that glisten with gold in the sunshine and near-decrepit old buildings. A sprawling city that brims with a cosmopolitan flair, Casablanca is Morocco&#8217;s largest city and most hectic port. Sitting on the country&#8217;s Atlantic coast, it blends a frenetic lifestyle with stylish restaurants and vibrant shopping opportunities, opening up in a destination that slowly starts living up to its Western counterparts.\n\n<\/p>\n<\/div><\/div>\n\n\n\n<div class=\"wp-block-button aligncenter\"><a class=\"wp-block-button__link\" href=\"https:\/\/ayushtoursjaipur.com\/wp-content\/uploads\/2021\/05\/CASABLANCA.pdf\" target=\"_blank\" rel=\"noopener noreferrer\"><strong>Go Download PDF<\/strong><\/a><\/div>\n\n\n\n<div class=\"wp-block-media-text alignwide is-stacked-on-mobile\" style=\"grid-template-columns:31% auto\"><figure class=\"wp-block-media-text__media\"><img decoding=\"async\" loading=\"lazy\" width=\"1024\" height=\"410\" src=\"https:\/\/ayushtoursjaipur.com\/wp-content\/uploads\/2019\/12\/Fes-1-1024x410.jpg\" alt=\"\" class=\"wp-image-4831 size-full\" srcset=\"https:\/\/ayushtoursjaipur.com\/wp-content\/uploads\/2019\/12\/Fes-1-1024x410.jpg 1024w, https:\/\/ayushtoursjaipur.com\/wp-content\/uploads\/2019\/12\/Fes-1-300x120.jpg 300w, https:\/\/ayushtoursjaipur.com\/wp-content\/uploads\/2019\/12\/Fes-1-768x307.jpg 768w, https:\/\/ayushtoursjaipur.com\/wp-content\/uploads\/2019\/12\/Fes-1.jpg 1500w\" sizes=\"(max-width: 1024px) 100vw, 1024px\" \/><\/figure><div class=\"wp-block-media-text__content\">\n<h2><a href=\"https:\/\/www.arrivalguides.com\/en\/Travelguides\/Africa\/Morocco\/FES\">Fes<\/a><\/h2>\n\n\n\n<p>Known as one of the imperial cities of Morocco, the opulent city of F\u00e8s is the country&#8217;s oldest city, and it is split into two areas \u2013 F\u00e8s-el-Bali (old F\u00e8s) and F\u00e8s-el-Djedid (new F\u00e8s) \u2013 as some mystical fusion of an ancient Islamic past and the French-influenced present. The endless Medina, which contains 9,500 streets, sells everything from jewellery to furniture, crafts, carpets, leather goods and spices.\n\n<\/p>\n<\/div><\/div>\n\n\n\n<div class=\"wp-block-button aligncenter\"><a class=\"wp-block-button__link\" href=\"https:\/\/ayushtoursjaipur.com\/wp-content\/uploads\/2021\/05\/FES.pdf\" target=\"_blank\" rel=\"noopener noreferrer\"><strong>Go Download PDF<\/strong><\/a><\/div>\n\n\n\n<div class=\"wp-block-media-text alignwide is-stacked-on-mobile\" style=\"grid-template-columns:31% auto\"><figure class=\"wp-block-media-text__media\"><img decoding=\"async\" loading=\"lazy\" width=\"1024\" height=\"410\" src=\"https:\/\/ayushtoursjaipur.com\/wp-content\/uploads\/2019\/12\/Marrakesh-1-1024x410.jpg\" alt=\"\" class=\"wp-image-4832 size-full\" srcset=\"https:\/\/ayushtoursjaipur.com\/wp-content\/uploads\/2019\/12\/Marrakesh-1-1024x410.jpg 1024w, https:\/\/ayushtoursjaipur.com\/wp-content\/uploads\/2019\/12\/Marrakesh-1-300x120.jpg 300w, https:\/\/ayushtoursjaipur.com\/wp-content\/uploads\/2019\/12\/Marrakesh-1-768x307.jpg 768w, https:\/\/ayushtoursjaipur.com\/wp-content\/uploads\/2019\/12\/Marrakesh-1.jpg 1500w\" sizes=\"(max-width: 1024px) 100vw, 1024px\" \/><\/figure><div class=\"wp-block-media-text__content\">\n<h2><a href=\"https:\/\/www.arrivalguides.com\/en\/Travelguides\/Africa\/Morocco\/MARRAKECH\">Marrakesh<\/a><\/h2>\n\n\n\n<p>A medieval city of drama, myth and mystery, Marrakesh will captivate all who venture inside its ochre-coloured walls. Step in and you will be transported back to a place and time that has been consigned to the annals of history. The winding alleys of the Medina and the sights, sounds and smells of the souks, the human drama that is Djemaa el-Fna square and the Atlas Mountains rearing up in the background all make Marrakesh Morocco\u2019s crown jewel.\n\n<\/p>\n<\/div><\/div>\n\n\n\n<div class=\"wp-block-button aligncenter\"><a class=\"wp-block-button__link\" href=\"https:\/\/https:\/\/ayushtoursjaipur.com\/wp-content\/uploads\/2021\/05\/MARRAKECH.pdf\" target=\"_blank\" rel=\"noopener noreferrer\"><strong>Go Download PDF<\/strong><\/a><\/div>\n\n\n\n<p><\/p>\n","protected":false},"excerpt":{"rendered":"<p>Morocco Morocco is Africa\u2019s gateway to Europe, and it is the only African nation to share its coastline with both the Atlantic Ocean and the Mediterranean Sea. Its culture is a characteristic blend of Arab and Berber, which, along with its colonial past, make Morocco what it is today. Soak up the atmosphere in the streets of Marrakech, where you can try out your haggling skills at Djemaa El-fna market. Don\u2019t forget to explore the magnificent Atlas mountain range that slices its way across the country from east to west \u2013 fit for both hikers and bikers. Visit an Amazigh village and get to know the traditional Berber way of life. Take a trip along the coast, stopping at the old port of Essaouira, the resort city of Agadir and the classic Casablanca. Or venture out into the Sahara Desert where you are sure to make friends with some very unique hoofed mammals. Morocco is a diverse land of many languages, cultures and identities, which welcomes visitors with its characteristic hospitality. Agadir With approximately 340 days of sunshine a year and six kilometres of soft white sand beaches, Agadir is Morocco\u2019s premiere beach resort. Nestled among the verdant valleys of the Great Souss and with the majestic range of the Anti-Atlas rearing up behind it, this modern, cosmopolitan city has all the attendant pleasures, thrills and luxuries you could ask for. Go Download PDF Casablanca Casablanca is a hefty mix of architectural treasures that glisten with gold in the sunshine and near-decrepit old buildings. A sprawling city that brims with a cosmopolitan flair, Casablanca is Morocco&#8217;s largest city and most hectic port. Sitting on the country&#8217;s Atlantic coast, it blends a frenetic lifestyle with stylish restaurants and vibrant shopping opportunities, opening up in a destination that slowly starts living up to its Western counterparts. Go Download PDF Fes Known as one of the imperial cities of Morocco, the opulent city of F\u00e8s is the country&#8217;s oldest city, and it is split into two areas \u2013 F\u00e8s-el-Bali (old F\u00e8s) and F\u00e8s-el-Djedid (new F\u00e8s) \u2013 as some mystical fusion of an ancient Islamic past and the French-influenced present. The endless Medina, which contains 9,500 streets, sells everything from jewellery to furniture, crafts, carpets, leather goods and spices. Go Download PDF Marrakesh A medieval city of drama, myth and mystery, Marrakesh will captivate all who venture inside its ochre-coloured walls. Step in and you will be transported back to a place and time that has been consigned to the annals of history. The winding alleys of the Medina and the sights, sounds and smells of the souks, the human drama that is Djemaa el-Fna square and the Atlas Mountains rearing up in the background all make Marrakesh Morocco\u2019s crown jewel. Go Download PDF<\/p>\n","protected":false},"author":1,"featured_media":0,"parent":0,"menu_order":0,"comment_status":"closed","ping_status":"closed","template":"","meta":{"_joinchat":[]},"yoast_head":"<!-- This site is optimized with the Yoast SEO plugin v19.10 - https:\/\/yoast.com\/wordpress\/plugins\/seo\/ -->\n<title>Morocco - Ayush Tours Jaipur<\/title>\n<meta name=\"robots\" content=\"noindex, follow, max-snippet:-1, max-image-preview:large, max-video-preview:-1\" \/>\n<meta property=\"og:locale\" content=\"en_US\" \/>\n<meta property=\"og:type\" content=\"article\" \/>\n<meta property=\"og:title\" content=\"Morocco - Ayush Tours Jaipur\" \/>\n<meta property=\"og:description\" content=\"Morocco Morocco is Africa\u2019s gateway to Europe, and it is the only African nation to share its coastline with both the Atlantic Ocean and the Mediterranean Sea. Its culture is a characteristic blend of Arab and Berber, which, along with its colonial past, make Morocco what it is today. Soak up the atmosphere in the streets of Marrakech, where you can try out your haggling skills at Djemaa El-fna market. Don\u2019t forget to explore the magnificent Atlas mountain range that slices its way across the country from east to west \u2013 fit for both hikers and bikers. Visit an Amazigh village and get to know the traditional Berber way of life. Take a trip along the coast, stopping at the old port of Essaouira, the resort city of Agadir and the classic Casablanca. Or venture out into the Sahara Desert where you are sure to make friends with some very unique hoofed mammals. Morocco is a diverse land of many languages, cultures and identities, which welcomes visitors with its characteristic hospitality. Agadir With approximately 340 days of sunshine a year and six kilometres of soft white sand beaches, Agadir is Morocco\u2019s premiere beach resort. Nestled among the verdant valleys of the Great Souss and with the majestic range of the Anti-Atlas rearing up behind it, this modern, cosmopolitan city has all the attendant pleasures, thrills and luxuries you could ask for. Go Download PDF Casablanca Casablanca is a hefty mix of architectural treasures that glisten with gold in the sunshine and near-decrepit old buildings. A sprawling city that brims with a cosmopolitan flair, Casablanca is Morocco&#8217;s largest city and most hectic port. Sitting on the country&#8217;s Atlantic coast, it blends a frenetic lifestyle with stylish restaurants and vibrant shopping opportunities, opening up in a destination that slowly starts living up to its Western counterparts. Go Download PDF Fes Known as one of the imperial cities of Morocco, the opulent city of F\u00e8s is the country&#8217;s oldest city, and it is split into two areas \u2013 F\u00e8s-el-Bali (old F\u00e8s) and F\u00e8s-el-Djedid (new F\u00e8s) \u2013 as some mystical fusion of an ancient Islamic past and the French-influenced present. The endless Medina, which contains 9,500 streets, sells everything from jewellery to furniture, crafts, carpets, leather goods and spices. Go Download PDF Marrakesh A medieval city of drama, myth and mystery, Marrakesh will captivate all who venture inside its ochre-coloured walls. Step in and you will be transported back to a place and time that has been consigned to the annals of history. The winding alleys of the Medina and the sights, sounds and smells of the souks, the human drama that is Djemaa el-Fna square and the Atlas Mountains rearing up in the background all make Marrakesh Morocco\u2019s crown jewel. Go Download PDF\" \/>\n<meta property=\"og:url\" content=\"https:\/\/ayushtoursjaipur.com\/index.php\/morocco\/\" \/>\n<meta property=\"og:site_name\" content=\"Ayush Tours Jaipur\" \/>\n<meta property=\"article:publisher\" content=\"https:\/\/www.facebook.com\/Ayush-Tours-Jaipur-670592113397684\/\" \/>\n<meta property=\"article:modified_time\" content=\"2021-05-25T05:30:32+00:00\" \/>\n<meta property=\"og:image\" content=\"https:\/\/ayushtoursjaipur.com\/wp-content\/uploads\/2019\/12\/Agadir-1024x410.jpg\" \/>\n<meta name=\"twitter:card\" content=\"summary_large_image\" \/>\n<meta name=\"twitter:label1\" content=\"Est. reading time\" \/>\n\t<meta name=\"twitter:data1\" content=\"2 minutes\" \/>\n<script type=\"application\/ld+json\" class=\"yoast-schema-graph\">{\"@context\":\"https:\/\/schema.org\",\"@graph\":[{\"@type\":\"WebPage\",\"@id\":\"https:\/\/ayushtoursjaipur.com\/index.php\/morocco\/\",\"url\":\"https:\/\/ayushtoursjaipur.com\/index.php\/morocco\/\",\"name\":\"Morocco - Ayush Tours Jaipur\",\"isPartOf\":{\"@id\":\"https:\/\/ayushtoursjaipur.com\/#website\"},\"datePublished\":\"2019-12-28T06:46:12+00:00\",\"dateModified\":\"2021-05-25T05:30:32+00:00\",\"breadcrumb\":{\"@id\":\"https:\/\/ayushtoursjaipur.com\/index.php\/morocco\/#breadcrumb\"},\"inLanguage\":\"en-US\",\"potentialAction\":[{\"@type\":\"ReadAction\",\"target\":[\"https:\/\/ayushtoursjaipur.com\/index.php\/morocco\/\"]}]},{\"@type\":\"BreadcrumbList\",\"@id\":\"https:\/\/ayushtoursjaipur.com\/index.php\/morocco\/#breadcrumb\",\"itemListElement\":[{\"@type\":\"ListItem\",\"position\":1,\"name\":\"Home\",\"item\":\"https:\/\/ayushtoursjaipur.com\/\"},{\"@type\":\"ListItem\",\"position\":2,\"name\":\"Morocco\"}]},{\"@type\":\"WebSite\",\"@id\":\"https:\/\/ayushtoursjaipur.com\/#website\",\"url\":\"https:\/\/ayushtoursjaipur.com\/\",\"name\":\"Ayush Tours Jaipur\",\"description\":\"\",\"publisher\":{\"@id\":\"https:\/\/ayushtoursjaipur.com\/#organization\"},\"potentialAction\":[{\"@type\":\"SearchAction\",\"target\":{\"@type\":\"EntryPoint\",\"urlTemplate\":\"https:\/\/ayushtoursjaipur.com\/?s={search_term_string}\"},\"query-input\":\"required name=search_term_string\"}],\"inLanguage\":\"en-US\"},{\"@type\":\"Organization\",\"@id\":\"https:\/\/ayushtoursjaipur.com\/#organization\",\"name\":\"Ayush Tours Jaipur\",\"url\":\"https:\/\/ayushtoursjaipur.com\/\",\"logo\":{\"@type\":\"ImageObject\",\"inLanguage\":\"en-US\",\"@id\":\"https:\/\/ayushtoursjaipur.com\/#\/schema\/logo\/image\/\",\"url\":\"https:\/\/ayushtoursjaipur.com\/wp-content\/uploads\/2020\/01\/attlogo.png\",\"contentUrl\":\"https:\/\/ayushtoursjaipur.com\/wp-content\/uploads\/2020\/01\/attlogo.png\",\"width\":500,\"height\":201,\"caption\":\"Ayush Tours Jaipur\"},\"image\":{\"@id\":\"https:\/\/ayushtoursjaipur.com\/#\/schema\/logo\/image\/\"},\"sameAs\":[\"https:\/\/www.instagram.com\/ayushtoursjaipur\/\",\"https:\/\/www.facebook.com\/Ayush-Tours-Jaipur-670592113397684\/\"]}]}<\/script>\n<!-- \/ Yoast SEO plugin. -->","yoast_head_json":{"title":"Morocco - Ayush Tours Jaipur","robots":{"index":"noindex","follow":"follow","max-snippet":"max-snippet:-1","max-image-preview":"max-image-preview:large","max-video-preview":"max-video-preview:-1"},"og_locale":"en_US","og_type":"article","og_title":"Morocco - Ayush Tours Jaipur","og_description":"Morocco Morocco is Africa\u2019s gateway to Europe, and it is the only African nation to share its coastline with both the Atlantic Ocean and the Mediterranean Sea. Its culture is a characteristic blend of Arab and Berber, which, along with its colonial past, make Morocco what it is today. Soak up the atmosphere in the streets of Marrakech, where you can try out your haggling skills at Djemaa El-fna market. Don\u2019t forget to explore the magnificent Atlas mountain range that slices its way across the country from east to west \u2013 fit for both hikers and bikers. Visit an Amazigh village and get to know the traditional Berber way of life. Take a trip along the coast, stopping at the old port of Essaouira, the resort city of Agadir and the classic Casablanca. Or venture out into the Sahara Desert where you are sure to make friends with some very unique hoofed mammals. Morocco is a diverse land of many languages, cultures and identities, which welcomes visitors with its characteristic hospitality. Agadir With approximately 340 days of sunshine a year and six kilometres of soft white sand beaches, Agadir is Morocco\u2019s premiere beach resort. Nestled among the verdant valleys of the Great Souss and with the majestic range of the Anti-Atlas rearing up behind it, this modern, cosmopolitan city has all the attendant pleasures, thrills and luxuries you could ask for. Go Download PDF Casablanca Casablanca is a hefty mix of architectural treasures that glisten with gold in the sunshine and near-decrepit old buildings. A sprawling city that brims with a cosmopolitan flair, Casablanca is Morocco&#8217;s largest city and most hectic port. Sitting on the country&#8217;s Atlantic coast, it blends a frenetic lifestyle with stylish restaurants and vibrant shopping opportunities, opening up in a destination that slowly starts living up to its Western counterparts. Go Download PDF Fes Known as one of the imperial cities of Morocco, the opulent city of F\u00e8s is the country&#8217;s oldest city, and it is split into two areas \u2013 F\u00e8s-el-Bali (old F\u00e8s) and F\u00e8s-el-Djedid (new F\u00e8s) \u2013 as some mystical fusion of an ancient Islamic past and the French-influenced present. The endless Medina, which contains 9,500 streets, sells everything from jewellery to furniture, crafts, carpets, leather goods and spices. Go Download PDF Marrakesh A medieval city of drama, myth and mystery, Marrakesh will captivate all who venture inside its ochre-coloured walls. Step in and you will be transported back to a place and time that has been consigned to the annals of history. The winding alleys of the Medina and the sights, sounds and smells of the souks, the human drama that is Djemaa el-Fna square and the Atlas Mountains rearing up in the background all make Marrakesh Morocco\u2019s crown jewel. Go Download PDF","og_url":"https:\/\/ayushtoursjaipur.com\/index.php\/morocco\/","og_site_name":"Ayush Tours Jaipur","article_publisher":"https:\/\/www.facebook.com\/Ayush-Tours-Jaipur-670592113397684\/","article_modified_time":"2021-05-25T05:30:32+00:00","og_image":[{"url":"https:\/\/ayushtoursjaipur.com\/wp-content\/uploads\/2019\/12\/Agadir-1024x410.jpg"}],"twitter_card":"summary_large_image","twitter_misc":{"Est. reading time":"2 minutes"},"schema":{"@context":"https:\/\/schema.org","@graph":[{"@type":"WebPage","@id":"https:\/\/ayushtoursjaipur.com\/index.php\/morocco\/","url":"https:\/\/ayushtoursjaipur.com\/index.php\/morocco\/","name":"Morocco - Ayush Tours Jaipur","isPartOf":{"@id":"https:\/\/ayushtoursjaipur.com\/#website"},"datePublished":"2019-12-28T06:46:12+00:00","dateModified":"2021-05-25T05:30:32+00:00","breadcrumb":{"@id":"https:\/\/ayushtoursjaipur.com\/index.php\/morocco\/#breadcrumb"},"inLanguage":"en-US","potentialAction":[{"@type":"ReadAction","target":["https:\/\/ayushtoursjaipur.com\/index.php\/morocco\/"]}]},{"@type":"BreadcrumbList","@id":"https:\/\/ayushtoursjaipur.com\/index.php\/morocco\/#breadcrumb","itemListElement":[{"@type":"ListItem","position":1,"name":"Home","item":"https:\/\/ayushtoursjaipur.com\/"},{"@type":"ListItem","position":2,"name":"Morocco"}]},{"@type":"WebSite","@id":"https:\/\/ayushtoursjaipur.com\/#website","url":"https:\/\/ayushtoursjaipur.com\/","name":"Ayush Tours Jaipur","description":"","publisher":{"@id":"https:\/\/ayushtoursjaipur.com\/#organization"},"potentialAction":[{"@type":"SearchAction","target":{"@type":"EntryPoint","urlTemplate":"https:\/\/ayushtoursjaipur.com\/?s={search_term_string}"},"query-input":"required name=search_term_string"}],"inLanguage":"en-US"},{"@type":"Organization","@id":"https:\/\/ayushtoursjaipur.com\/#organization","name":"Ayush Tours Jaipur","url":"https:\/\/ayushtoursjaipur.com\/","logo":{"@type":"ImageObject","inLanguage":"en-US","@id":"https:\/\/ayushtoursjaipur.com\/#\/schema\/logo\/image\/","url":"https:\/\/ayushtoursjaipur.com\/wp-content\/uploads\/2020\/01\/attlogo.png","contentUrl":"https:\/\/ayushtoursjaipur.com\/wp-content\/uploads\/2020\/01\/attlogo.png","width":500,"height":201,"caption":"Ayush Tours Jaipur"},"image":{"@id":"https:\/\/ayushtoursjaipur.com\/#\/schema\/logo\/image\/"},"sameAs":["https:\/\/www.instagram.com\/ayushtoursjaipur\/","https:\/\/www.facebook.com\/Ayush-Tours-Jaipur-670592113397684\/"]}]}},"_links":{"self":[{"href":"https:\/\/ayushtoursjaipur.com\/index.php\/wp-json\/wp\/v2\/pages\/4409"}],"collection":[{"href":"https:\/\/ayushtoursjaipur.com\/index.php\/wp-json\/wp\/v2\/pages"}],"about":[{"href":"https:\/\/ayushtoursjaipur.com\/index.php\/wp-json\/wp\/v2\/types\/page"}],"author":[{"embeddable":true,"href":"https:\/\/ayushtoursjaipur.com\/index.php\/wp-json\/wp\/v2\/users\/1"}],"replies":[{"embeddable":true,"href":"https:\/\/ayushtoursjaipur.com\/index.php\/wp-json\/wp\/v2\/comments?post=4409"}],"version-history":[{"count":8,"href":"https:\/\/ayushtoursjaipur.com\/index.php\/wp-json\/wp\/v2\/pages\/4409\/revisions"}],"predecessor-version":[{"id":11637,"href":"https:\/\/ayushtoursjaipur.com\/index.php\/wp-json\/wp\/v2\/pages\/4409\/revisions\/11637"}],"wp:attachment":[{"href":"https:\/\/ayushtoursjaipur.com\/index.php\/wp-json\/wp\/v2\/media?parent=4409"}],"curies":[{"name":"wp","href":"https:\/\/api.w.org\/{rel}","templated":true}]}}