{"id":5416,"date":"2019-12-31T11:04:57","date_gmt":"2019-12-31T11:04:57","guid":{"rendered":"https:\/\/gotravelblue.com\/?page_id=5416"},"modified":"2021-05-26T06:21:28","modified_gmt":"2021-05-26T06:21:28","slug":"iceland","status":"publish","type":"page","link":"https:\/\/ayushtoursjaipur.com\/index.php\/iceland\/","title":{"rendered":"Iceland"},"content":{"rendered":"\n<figure class=\"wp-block-image\"><img decoding=\"async\" loading=\"lazy\" width=\"1024\" height=\"410\" src=\"https:\/\/ayushtoursjaipur.com\/wp-content\/uploads\/2019\/12\/Iceland-1-1024x410.jpg\" alt=\"\" class=\"wp-image-5417\" srcset=\"https:\/\/ayushtoursjaipur.com\/wp-content\/uploads\/2019\/12\/Iceland-1-1024x410.jpg 1024w, https:\/\/ayushtoursjaipur.com\/wp-content\/uploads\/2019\/12\/Iceland-1-300x120.jpg 300w, https:\/\/ayushtoursjaipur.com\/wp-content\/uploads\/2019\/12\/Iceland-1-768x307.jpg 768w, https:\/\/ayushtoursjaipur.com\/wp-content\/uploads\/2019\/12\/Iceland-1.jpg 1500w\" sizes=\"(max-width: 1024px) 100vw, 1024px\" \/><\/figure>\n\n\n\n<h2>\n\nIceland\n\n<\/h2>\n\n\n\n<p>\n\nIceland\u2019s unique geological conditions grant it a rugged and otherworldly beauty unlike anywhere else on the planet. A hotspot for volcanic activity, it is a true land of ice and fire, with stark landscapes that hide geothermal hot springs, massive, slow-moving glaciers and gushing geysers, all made even more impressive when seen in the light of the midnight sun or the mesmerizing aurora borealis. Iceland\u2019s natural splendour is matched by the warmth of its small but charming population, whose cultural hyperactivity fills the country with hauntingly beautiful music, stunning art and an enthusiastic and optimistic approach to life.\n\n<\/p>\n\n\n\n<div class=\"wp-block-media-text alignwide is-stacked-on-mobile\" style=\"grid-template-columns:31% auto\"><figure class=\"wp-block-media-text__media\"><img decoding=\"async\" loading=\"lazy\" width=\"1024\" height=\"410\" src=\"https:\/\/ayushtoursjaipur.com\/wp-content\/uploads\/2019\/12\/Reykjav\u00edk-1024x410.jpg\" alt=\"\" class=\"wp-image-5418 size-full\" srcset=\"https:\/\/ayushtoursjaipur.com\/wp-content\/uploads\/2019\/12\/Reykjav\u00edk-1024x410.jpg 1024w, https:\/\/ayushtoursjaipur.com\/wp-content\/uploads\/2019\/12\/Reykjav\u00edk-300x120.jpg 300w, https:\/\/ayushtoursjaipur.com\/wp-content\/uploads\/2019\/12\/Reykjav\u00edk-768x307.jpg 768w, https:\/\/ayushtoursjaipur.com\/wp-content\/uploads\/2019\/12\/Reykjav\u00edk.jpg 1500w\" sizes=\"(max-width: 1024px) 100vw, 1024px\" \/><\/figure><div class=\"wp-block-media-text__content\">\n<h2><a href=\"https:\/\/www.arrivalguides.com\/en\/Travelguides\/Europe\/Iceland\/REYKJAVIK\">Reykjav\u00edk<\/a><\/h2>\n\n\n\n<p>Visitors to Reykjav\u00edk are thrilled by the pure energy at the heart of Iceland\u2019s capital city &#8211; be it from the boiling thermal springs underground, the natural green energy, or the lively cultural scene and fun-filled nightlife. The world\u2019s northernmost capital, it&#8217;s framed by the majestic Mount Esja, which keeps a watchful eye on the city, and the blue waters of Faxafl\u00f3i Bay. On a sunny day, the mystical Sn\u00e6fellsj\u00f6kull glacier appears crystal-like on the western horizon, while mountainous moonscapes spread to the southeast.\n\n<\/p>\n<\/div><\/div>\n\n\n\n<div class=\"wp-block-button aligncenter\"><a class=\"wp-block-button__link\" href=\"https:\/\/ayushtoursjaipur.com\/wp-content\/uploads\/2021\/05\/REYKJAVIK_en_20210519T055853Z.pdf\" target=\"_blank\" rel=\"noopener noreferrer\"><strong>Go Download PDF<\/strong><\/a><\/div>\n","protected":false},"excerpt":{"rendered":"<p>Iceland Iceland\u2019s unique geological conditions grant it a rugged and otherworldly beauty unlike anywhere else on the planet. A hotspot for volcanic activity, it is a true land of ice and fire, with stark landscapes that hide geothermal hot springs, massive, slow-moving glaciers and gushing geysers, all made even more impressive when seen in the light of the midnight sun or the mesmerizing aurora borealis. Iceland\u2019s natural splendour is matched by the warmth of its small but charming population, whose cultural hyperactivity fills the country with hauntingly beautiful music, stunning art and an enthusiastic and optimistic approach to life. Reykjav\u00edk Visitors to Reykjav\u00edk are thrilled by the pure energy at the heart of Iceland\u2019s capital city &#8211; be it from the boiling thermal springs underground, the natural green energy, or the lively cultural scene and fun-filled nightlife. The world\u2019s northernmost capital, it&#8217;s framed by the majestic Mount Esja, which keeps a watchful eye on the city, and the blue waters of Faxafl\u00f3i Bay. On a sunny day, the mystical Sn\u00e6fellsj\u00f6kull glacier appears crystal-like on the western horizon, while mountainous moonscapes spread to the southeast. Go Download PDF<\/p>\n","protected":false},"author":1,"featured_media":0,"parent":0,"menu_order":0,"comment_status":"closed","ping_status":"closed","template":"","meta":{"_joinchat":[]},"yoast_head":"<!-- This site is optimized with the Yoast SEO plugin v19.10 - https:\/\/yoast.com\/wordpress\/plugins\/seo\/ -->\n<title>Iceland - Ayush Tours Jaipur<\/title>\n<meta name=\"robots\" content=\"noindex, follow, max-snippet:-1, max-image-preview:large, max-video-preview:-1\" \/>\n<meta property=\"og:locale\" content=\"en_US\" \/>\n<meta property=\"og:type\" content=\"article\" \/>\n<meta property=\"og:title\" content=\"Iceland - Ayush Tours Jaipur\" \/>\n<meta property=\"og:description\" content=\"Iceland Iceland\u2019s unique geological conditions grant it a rugged and otherworldly beauty unlike anywhere else on the planet. A hotspot for volcanic activity, it is a true land of ice and fire, with stark landscapes that hide geothermal hot springs, massive, slow-moving glaciers and gushing geysers, all made even more impressive when seen in the light of the midnight sun or the mesmerizing aurora borealis. Iceland\u2019s natural splendour is matched by the warmth of its small but charming population, whose cultural hyperactivity fills the country with hauntingly beautiful music, stunning art and an enthusiastic and optimistic approach to life. Reykjav\u00edk Visitors to Reykjav\u00edk are thrilled by the pure energy at the heart of Iceland\u2019s capital city &#8211; be it from the boiling thermal springs underground, the natural green energy, or the lively cultural scene and fun-filled nightlife. The world\u2019s northernmost capital, it&#8217;s framed by the majestic Mount Esja, which keeps a watchful eye on the city, and the blue waters of Faxafl\u00f3i Bay. On a sunny day, the mystical Sn\u00e6fellsj\u00f6kull glacier appears crystal-like on the western horizon, while mountainous moonscapes spread to the southeast. Go Download PDF\" \/>\n<meta property=\"og:url\" content=\"https:\/\/ayushtoursjaipur.com\/index.php\/iceland\/\" \/>\n<meta property=\"og:site_name\" content=\"Ayush Tours Jaipur\" \/>\n<meta property=\"article:publisher\" content=\"https:\/\/www.facebook.com\/Ayush-Tours-Jaipur-670592113397684\/\" \/>\n<meta property=\"article:modified_time\" content=\"2021-05-26T06:21:28+00:00\" \/>\n<meta property=\"og:image\" content=\"https:\/\/ayushtoursjaipur.com\/wp-content\/uploads\/2019\/12\/Iceland-1-1024x410.jpg\" \/>\n<meta name=\"twitter:card\" content=\"summary_large_image\" \/>\n<meta name=\"twitter:label1\" content=\"Est. reading time\" \/>\n\t<meta name=\"twitter:data1\" content=\"1 minute\" \/>\n<script type=\"application\/ld+json\" class=\"yoast-schema-graph\">{\"@context\":\"https:\/\/schema.org\",\"@graph\":[{\"@type\":\"WebPage\",\"@id\":\"https:\/\/ayushtoursjaipur.com\/index.php\/iceland\/\",\"url\":\"https:\/\/ayushtoursjaipur.com\/index.php\/iceland\/\",\"name\":\"Iceland - Ayush Tours Jaipur\",\"isPartOf\":{\"@id\":\"https:\/\/ayushtoursjaipur.com\/#website\"},\"datePublished\":\"2019-12-31T11:04:57+00:00\",\"dateModified\":\"2021-05-26T06:21:28+00:00\",\"breadcrumb\":{\"@id\":\"https:\/\/ayushtoursjaipur.com\/index.php\/iceland\/#breadcrumb\"},\"inLanguage\":\"en-US\",\"potentialAction\":[{\"@type\":\"ReadAction\",\"target\":[\"https:\/\/ayushtoursjaipur.com\/index.php\/iceland\/\"]}]},{\"@type\":\"BreadcrumbList\",\"@id\":\"https:\/\/ayushtoursjaipur.com\/index.php\/iceland\/#breadcrumb\",\"itemListElement\":[{\"@type\":\"ListItem\",\"position\":1,\"name\":\"Home\",\"item\":\"https:\/\/ayushtoursjaipur.com\/\"},{\"@type\":\"ListItem\",\"position\":2,\"name\":\"Iceland\"}]},{\"@type\":\"WebSite\",\"@id\":\"https:\/\/ayushtoursjaipur.com\/#website\",\"url\":\"https:\/\/ayushtoursjaipur.com\/\",\"name\":\"Ayush Tours Jaipur\",\"description\":\"\",\"publisher\":{\"@id\":\"https:\/\/ayushtoursjaipur.com\/#organization\"},\"potentialAction\":[{\"@type\":\"SearchAction\",\"target\":{\"@type\":\"EntryPoint\",\"urlTemplate\":\"https:\/\/ayushtoursjaipur.com\/?s={search_term_string}\"},\"query-input\":\"required name=search_term_string\"}],\"inLanguage\":\"en-US\"},{\"@type\":\"Organization\",\"@id\":\"https:\/\/ayushtoursjaipur.com\/#organization\",\"name\":\"Ayush Tours Jaipur\",\"url\":\"https:\/\/ayushtoursjaipur.com\/\",\"logo\":{\"@type\":\"ImageObject\",\"inLanguage\":\"en-US\",\"@id\":\"https:\/\/ayushtoursjaipur.com\/#\/schema\/logo\/image\/\",\"url\":\"https:\/\/ayushtoursjaipur.com\/wp-content\/uploads\/2020\/01\/attlogo.png\",\"contentUrl\":\"https:\/\/ayushtoursjaipur.com\/wp-content\/uploads\/2020\/01\/attlogo.png\",\"width\":500,\"height\":201,\"caption\":\"Ayush Tours Jaipur\"},\"image\":{\"@id\":\"https:\/\/ayushtoursjaipur.com\/#\/schema\/logo\/image\/\"},\"sameAs\":[\"https:\/\/www.instagram.com\/ayushtoursjaipur\/\",\"https:\/\/www.facebook.com\/Ayush-Tours-Jaipur-670592113397684\/\"]}]}<\/script>\n<!-- \/ Yoast SEO plugin. -->","yoast_head_json":{"title":"Iceland - Ayush Tours Jaipur","robots":{"index":"noindex","follow":"follow","max-snippet":"max-snippet:-1","max-image-preview":"max-image-preview:large","max-video-preview":"max-video-preview:-1"},"og_locale":"en_US","og_type":"article","og_title":"Iceland - Ayush Tours Jaipur","og_description":"Iceland Iceland\u2019s unique geological conditions grant it a rugged and otherworldly beauty unlike anywhere else on the planet. A hotspot for volcanic activity, it is a true land of ice and fire, with stark landscapes that hide geothermal hot springs, massive, slow-moving glaciers and gushing geysers, all made even more impressive when seen in the light of the midnight sun or the mesmerizing aurora borealis. Iceland\u2019s natural splendour is matched by the warmth of its small but charming population, whose cultural hyperactivity fills the country with hauntingly beautiful music, stunning art and an enthusiastic and optimistic approach to life. Reykjav\u00edk Visitors to Reykjav\u00edk are thrilled by the pure energy at the heart of Iceland\u2019s capital city &#8211; be it from the boiling thermal springs underground, the natural green energy, or the lively cultural scene and fun-filled nightlife. The world\u2019s northernmost capital, it&#8217;s framed by the majestic Mount Esja, which keeps a watchful eye on the city, and the blue waters of Faxafl\u00f3i Bay. On a sunny day, the mystical Sn\u00e6fellsj\u00f6kull glacier appears crystal-like on the western horizon, while mountainous moonscapes spread to the southeast. Go Download PDF","og_url":"https:\/\/ayushtoursjaipur.com\/index.php\/iceland\/","og_site_name":"Ayush Tours Jaipur","article_publisher":"https:\/\/www.facebook.com\/Ayush-Tours-Jaipur-670592113397684\/","article_modified_time":"2021-05-26T06:21:28+00:00","og_image":[{"url":"https:\/\/ayushtoursjaipur.com\/wp-content\/uploads\/2019\/12\/Iceland-1-1024x410.jpg"}],"twitter_card":"summary_large_image","twitter_misc":{"Est. reading time":"1 minute"},"schema":{"@context":"https:\/\/schema.org","@graph":[{"@type":"WebPage","@id":"https:\/\/ayushtoursjaipur.com\/index.php\/iceland\/","url":"https:\/\/ayushtoursjaipur.com\/index.php\/iceland\/","name":"Iceland - Ayush Tours Jaipur","isPartOf":{"@id":"https:\/\/ayushtoursjaipur.com\/#website"},"datePublished":"2019-12-31T11:04:57+00:00","dateModified":"2021-05-26T06:21:28+00:00","breadcrumb":{"@id":"https:\/\/ayushtoursjaipur.com\/index.php\/iceland\/#breadcrumb"},"inLanguage":"en-US","potentialAction":[{"@type":"ReadAction","target":["https:\/\/ayushtoursjaipur.com\/index.php\/iceland\/"]}]},{"@type":"BreadcrumbList","@id":"https:\/\/ayushtoursjaipur.com\/index.php\/iceland\/#breadcrumb","itemListElement":[{"@type":"ListItem","position":1,"name":"Home","item":"https:\/\/ayushtoursjaipur.com\/"},{"@type":"ListItem","position":2,"name":"Iceland"}]},{"@type":"WebSite","@id":"https:\/\/ayushtoursjaipur.com\/#website","url":"https:\/\/ayushtoursjaipur.com\/","name":"Ayush Tours Jaipur","description":"","publisher":{"@id":"https:\/\/ayushtoursjaipur.com\/#organization"},"potentialAction":[{"@type":"SearchAction","target":{"@type":"EntryPoint","urlTemplate":"https:\/\/ayushtoursjaipur.com\/?s={search_term_string}"},"query-input":"required name=search_term_string"}],"inLanguage":"en-US"},{"@type":"Organization","@id":"https:\/\/ayushtoursjaipur.com\/#organization","name":"Ayush Tours Jaipur","url":"https:\/\/ayushtoursjaipur.com\/","logo":{"@type":"ImageObject","inLanguage":"en-US","@id":"https:\/\/ayushtoursjaipur.com\/#\/schema\/logo\/image\/","url":"https:\/\/ayushtoursjaipur.com\/wp-content\/uploads\/2020\/01\/attlogo.png","contentUrl":"https:\/\/ayushtoursjaipur.com\/wp-content\/uploads\/2020\/01\/attlogo.png","width":500,"height":201,"caption":"Ayush Tours Jaipur"},"image":{"@id":"https:\/\/ayushtoursjaipur.com\/#\/schema\/logo\/image\/"},"sameAs":["https:\/\/www.instagram.com\/ayushtoursjaipur\/","https:\/\/www.facebook.com\/Ayush-Tours-Jaipur-670592113397684\/"]}]}},"_links":{"self":[{"href":"https:\/\/ayushtoursjaipur.com\/index.php\/wp-json\/wp\/v2\/pages\/5416"}],"collection":[{"href":"https:\/\/ayushtoursjaipur.com\/index.php\/wp-json\/wp\/v2\/pages"}],"about":[{"href":"https:\/\/ayushtoursjaipur.com\/index.php\/wp-json\/wp\/v2\/types\/page"}],"author":[{"embeddable":true,"href":"https:\/\/ayushtoursjaipur.com\/index.php\/wp-json\/wp\/v2\/users\/1"}],"replies":[{"embeddable":true,"href":"https:\/\/ayushtoursjaipur.com\/index.php\/wp-json\/wp\/v2\/comments?post=5416"}],"version-history":[{"count":4,"href":"https:\/\/ayushtoursjaipur.com\/index.php\/wp-json\/wp\/v2\/pages\/5416\/revisions"}],"predecessor-version":[{"id":11771,"href":"https:\/\/ayushtoursjaipur.com\/index.php\/wp-json\/wp\/v2\/pages\/5416\/revisions\/11771"}],"wp:attachment":[{"href":"https:\/\/ayushtoursjaipur.com\/index.php\/wp-json\/wp\/v2\/media?parent=5416"}],"curies":[{"name":"wp","href":"https:\/\/api.w.org\/{rel}","templated":true}]}}